{"id":13,"date":"2022-07-09T22:25:49","date_gmt":"2022-07-09T20:25:49","guid":{"rendered":"https:\/\/burgenheimat.de\/?page_id=13"},"modified":"2022-08-08T15:37:32","modified_gmt":"2022-08-08T13:37:32","slug":"impressum","status":"publish","type":"page","link":"https:\/\/burgenheimat.de\/en\/impressum\/","title":{"rendered":"Imprint"},"content":{"rendered":"<div data-elementor-type=\"wp-page\" data-elementor-id=\"13\" class=\"elementor elementor-13\" data-elementor-post-type=\"page\">\n\t\t\t\t\t\t<section class=\"elementor-section elementor-top-section elementor-element elementor-element-e01926b elementor-section-boxed elementor-section-height-default elementor-section-height-default\" data-id=\"e01926b\" data-element_type=\"section\" data-e-type=\"section\">\n\t\t\t\t\t\t<div class=\"elementor-container elementor-column-gap-default\">\n\t\t\t\t\t<div class=\"elementor-column elementor-col-100 elementor-top-column elementor-element elementor-element-b4f4bb7\" data-id=\"b4f4bb7\" data-element_type=\"column\" data-e-type=\"column\">\n\t\t\t<div class=\"elementor-widget-wrap elementor-element-populated\">\n\t\t\t\t\t\t<div class=\"elementor-element elementor-element-4835dad elementor-widget elementor-widget-text-editor\" data-id=\"4835dad\" data-element_type=\"widget\" data-e-type=\"widget\" data-widget_type=\"text-editor.default\">\n\t\t\t\t<div class=\"elementor-widget-container\">\n\t\t\t\t\t\t\t\t\t<h1>Imprint<\/h1><p><strong>(nach \u00a75 Telemediengesetz TMG)<\/strong><\/p><p><strong>Burgenheimat<\/strong><br \/>Hochstra\u00dfe 25<br \/>56321 Rhens<br \/>Fon<br \/>from Germany: 02628 2221<br \/>from abroad: +49 2628 2221<br \/>Fax: 026283709<br \/><a href=\"mailto:info@burgenheimat.de\">info@burgenheimat.de<\/a><\/p><p>Inhaber:\u00a0<strong>Werner Kochh\u00e4user<\/strong><br \/>Responsible in terms of press law:\u00a0<strong>Werner Kochh\u00e4user, Hochstr. 27, 56321 Rhens<\/strong><\/p><p><strong>Data Protection Officer<\/strong><br \/>Terracom Services GmbH, Teccenter 1, 31162 Bad Salzdetfuhrt, Vertreten durch externe zertifizierte DSB Frau Alexa Alemanno<br \/><a href=\"mailto:datenschutz@burgenheimat.de?subject=Datenschutzanfrage\">datenschutz@burgenheimat.de<\/a><\/p><h3>Commercial register entry (register court, register number)<\/h3><h3>Competent tax office<\/h3><p>Koblenz<br \/>Tax number: 22\/090\/3196\/3<br \/>VAT ID: DE219864254<\/p><h3>Disclaimer<\/h3><p>Despite careful control of the content, we assume no liability for the content of external links. The operators of the linked pages are solely responsible for their content.<br \/>Despite careful control of the content, we assume no liability for the content of external links. The operators of the linked pages are solely responsible for their content.<\/p><ul><li>\u00a7 5 and \u00a7 6 Telemedia Act (TMG)<\/li><li>\u00a7 4 para. 3 Federal Data Protection Act (BDSG)<\/li><li>\u00a7 312c German Civil Code (BGB)<\/li><li>\u00a7 1 BGB Information Duties Ordinance (BGB-InfoV)<\/li><\/ul><h3>Disclaimer<\/h3><h5>1. content of the online offer<\/h5><p>The author accepts no responsibility for the topicality, correctness, completeness or quality of the information provided. Liability claims against the author, which refer to damages of a material or non-material nature, which were caused by the use or non-use of the information provided or by the use of incorrect and incomplete information, are fundamentally excluded, insofar as there is no demonstrable intentional or grossly negligent fault on the part of the author. All offers are subject to change and non-binding. The author expressly reserves the right to change, supplement or delete parts of the pages or the entire offer without separate announcement or to discontinue publication temporarily or permanently.<\/p><h5>2. references and links<\/h5><p>The author is not responsible for any contents linked or referred to from his pages - unless he has full knowledge of illegal contents and would be able to prevent the visitors of his site from viewing those pages. The author hereby expressly declares that at the time the links were created, no illegal content was discernible on the linked pages. The author has no influence on the current and future design, content or authorship of the linked pages. Therefore, he hereby expressly distances himself from all contents of all linked pages that were changed after the link was created. This statement applies to all links and references set within the author's own website as well as to external entries in guest books, discussion forums and mailing lists set up by the author. Liability for illegal, incorrect or incomplete content and in particular for damage arising from the use or non-use of such information lies solely with the provider of the page to which reference is made, and not with the person who merely refers to the respective publication via links.<\/p><h5>3. copyright and trademark law<\/h5><p>The author endeavours to observe the copyrights of the graphics, sound documents, video sequences and texts used in all publications, to use graphics, sound documents, video sequences and texts created by himself or to use licence-free graphics, sound documents, video sequences and texts. All brand names and trademarks mentioned on the website and possibly protected by third parties are subject without restriction to the provisions of the applicable trademark law and the ownership rights of the respective registered owners. The mere mention of a trademark does not imply that it is not protected by the rights of third parties! The copyright for published objects created by the author himself remains solely with the author of the pages. Any duplication or use of objects such as diagrams, sounds or texts in other electronic or printed publications is not permitted without the author's agreement.<\/p><h5>4 Legal validity of this disclaimer<\/h5><p>Dieser Haftungsausschluss ist als Teil des Internetangebotes zu betrachten, von dem aus auf diese Seite verwiesen wurde. Sofern Teile oder einzelne Formulierungen dieses Textes der geltenden Rechtslage nicht, nicht mehr oder nicht vollst\u00e4ndig entsprechen sollten, bleiben die \u00fcbrigen Teile des Dokumentes in ihrem Inhalt und ihrer G\u00fcltigkeit davon unber\u00fchrt.<\/p><h3>Notes on copyright of images<\/h3><ul><li>\u00a9 Christian Bernhardt <a href=\"https:\/\/www.cck-print-media.de\/\" target=\"_blank\" rel=\"noopener\">cck print media<\/a><\/li><li>\u00a9 <a href=\"https:\/\/www.facebook.com\/KlausBreitkreutz\/\" target=\"_blank\" rel=\"noopener\">Klaus Breitkreutz<\/a><\/li><li>\u00a9 <a href=\"http:\/\/www.pixabay.com\" target=\"_blank\" rel=\"noopener\">Pixabay<\/a><\/li><li>private pictures Kochh\u00e4user family<\/li><\/ul><p class=\"p1\"><b>Dispute resolution<\/b><br \/>The European Commission provides a platform for online dispute resolution (ODR):<br \/><a href=\"https:\/\/ec.europa.eu\/consumers\/odr\" target=\"_blank\" rel=\"noopener\">https:\/\/ec.europa.eu\/consumers\/odr<\/a><br \/>You can find our e-mail address in the imprint above.<br \/>We are not willing or obliged to participate in dispute resolution proceedings before a consumer arbitration board.<\/p><p class=\"p1\"><b>Liability for contents<\/b><br \/>As a service provider, we are responsible for our own content on these pages in accordance with \u00a7 7 para. 1 TMG.<br \/>general laws and regulations. However, according to \u00a7\u00a7 8 to 10 TMG, we as service providers are not<br \/>obliged to monitor transmitted or stored third-party information or to investigate circumstances that indicate illegal activity. Obligations to remove or block the use of information in accordance with general laws remain unaffected by this. However, liability in this regard is only possible from the point in time at which a concrete infringement of the law becomes known. If we become aware of corresponding infringements, we will remove this content immediately.<\/p><p class=\"p1\"><b>Liability for links<\/b><br \/>Our offer contains links to external websites of third parties, on whose contents we have no influence. Therefore, we cannot assume any liability for these external contents. The respective provider or operator of the pages is always responsible for the content of the linked pages. The linked pages were checked for possible legal violations at the time of linking. Illegal contents were not recognisable at the time of linking. However, permanent monitoring of the content of the linked pages is not reasonable without concrete indications of a legal violation. If we become aware of any infringements of the law, we will remove such links immediately.<\/p><p class=\"p1\"><b>Copyright<\/b><br \/>The contents and works created by the site operators on these pages are subject to German copyright law. Duplication, processing, distribution and any kind of exploitation outside the limits of copyright law require the written consent of the respective author or creator. Downloads and copies of this site are only permitted for private, non-commercial use. Insofar as the content on this site was not created by the operator, the copyrights of third parties are respected. In particular, third-party content is marked as such. Should you nevertheless become aware of a copyright infringement, please inform us accordingly. If we become aware of any infringements, we will remove such content immediately.<\/p><p class=\"p1\">Quelle: <a href=\"https:\/\/www.e-recht24.de\/impressum-generator.html\" target=\"_blank\" rel=\"noopener\">https:\/\/www.e-recht24.de\/impressum-generator.html<\/a><\/p>\t\t\t\t\t\t\t\t<\/div>\n\t\t\t\t<\/div>\n\t\t\t\t\t<\/div>\n\t\t<\/div>\n\t\t\t\t\t<\/div>\n\t\t<\/section>\n\t\t\t\t<\/div>","protected":false},"excerpt":{"rendered":"<p>Impressum (nach \u00a75 Telemediengesetz TMG) Burgenheimat Hochstra\u00dfe 25 56321 Rhens Telefon aus Deutschland: 02628 2221 aus dem Ausland: +49 2628 2221 Telefax: 026283709 info@burgenheimat.de Inhaber:&nbsp;Werner Kochh\u00e4user Verantwortlich im Sinne des Presserechts:&nbsp;Werner Kochh\u00e4user, Hochstr. 27, 56321 Rhens Datenschutzbeauftragte Terracom Services GmbH, Teccenter 1, 31162 Bad Salzdetfuhrt, Vertreten durch externe zertifizierte DSB Frau Alexa Alemanno datenschutz@burgenheimat.de Handelsregistereintrag [&hellip;]<\/p>\n","protected":false},"author":1,"featured_media":0,"parent":0,"menu_order":0,"comment_status":"closed","ping_status":"closed","template":"","meta":{"footnotes":""},"class_list":["post-13","page","type-page","status-publish","hentry"],"yoast_head":"<!-- This site is optimized with the Yoast SEO plugin v27.4 - https:\/\/yoast.com\/product\/yoast-seo-wordpress\/ -->\n<title>Impressum Burgenheimat<\/title>\n<meta name=\"description\" content=\"Impressum, Disclaimer, Haftungsausschluss, Urheberrechte der genutzten Bilder, Haftung f\u00fcr Links und Inhalte\" \/>\n<meta name=\"robots\" content=\"index, follow, max-snippet:-1, max-image-preview:large, max-video-preview:-1\" \/>\n<link rel=\"canonical\" href=\"https:\/\/burgenheimat.de\/en\/impressum\/\" \/>\n<meta property=\"og:locale\" content=\"en_GB\" \/>\n<meta property=\"og:type\" content=\"article\" \/>\n<meta property=\"og:title\" content=\"Impressum Burgenheimat\" \/>\n<meta property=\"og:description\" content=\"Impressum, Disclaimer, Haftungsausschluss, Urheberrechte der genutzten Bilder, Haftung f\u00fcr Links und Inhalte\" \/>\n<meta property=\"og:url\" content=\"https:\/\/burgenheimat.de\/en\/impressum\/\" \/>\n<meta property=\"og:site_name\" content=\"Burgenheimat\" \/>\n<meta property=\"article:modified_time\" content=\"2022-08-08T13:37:32+00:00\" \/>\n<meta name=\"twitter:card\" content=\"summary_large_image\" \/>\n<meta name=\"twitter:label1\" content=\"Estimated reading time\" \/>\n\t<meta name=\"twitter:data1\" content=\"6 minutes\" \/>\n<script type=\"application\/ld+json\" class=\"yoast-schema-graph\">{\"@context\":\"https:\\\/\\\/schema.org\",\"@graph\":[{\"@type\":\"WebPage\",\"@id\":\"https:\\\/\\\/burgenheimat.de\\\/impressum\\\/\",\"url\":\"https:\\\/\\\/burgenheimat.de\\\/impressum\\\/\",\"name\":\"Impressum Burgenheimat\",\"isPartOf\":{\"@id\":\"https:\\\/\\\/burgenheimat.de\\\/#website\"},\"datePublished\":\"2022-07-09T20:25:49+00:00\",\"dateModified\":\"2022-08-08T13:37:32+00:00\",\"description\":\"Impressum, Disclaimer, Haftungsausschluss, Urheberrechte der genutzten Bilder, Haftung f\u00fcr Links und Inhalte\",\"breadcrumb\":{\"@id\":\"https:\\\/\\\/burgenheimat.de\\\/impressum\\\/#breadcrumb\"},\"inLanguage\":\"en-GB\",\"potentialAction\":[{\"@type\":\"ReadAction\",\"target\":[\"https:\\\/\\\/burgenheimat.de\\\/impressum\\\/\"]}]},{\"@type\":\"BreadcrumbList\",\"@id\":\"https:\\\/\\\/burgenheimat.de\\\/impressum\\\/#breadcrumb\",\"itemListElement\":[{\"@type\":\"ListItem\",\"position\":1,\"name\":\"Startseite\",\"item\":\"https:\\\/\\\/burgenheimat.de\\\/\"},{\"@type\":\"ListItem\",\"position\":2,\"name\":\"Impressum\"}]},{\"@type\":\"WebSite\",\"@id\":\"https:\\\/\\\/burgenheimat.de\\\/#website\",\"url\":\"https:\\\/\\\/burgenheimat.de\\\/\",\"name\":\"Burgenheimat\",\"description\":\"Apartments Burgenheimat in Rhens\",\"publisher\":{\"@id\":\"https:\\\/\\\/burgenheimat.de\\\/#organization\"},\"potentialAction\":[{\"@type\":\"SearchAction\",\"target\":{\"@type\":\"EntryPoint\",\"urlTemplate\":\"https:\\\/\\\/burgenheimat.de\\\/?s={search_term_string}\"},\"query-input\":{\"@type\":\"PropertyValueSpecification\",\"valueRequired\":true,\"valueName\":\"search_term_string\"}}],\"inLanguage\":\"en-GB\"},{\"@type\":\"Organization\",\"@id\":\"https:\\\/\\\/burgenheimat.de\\\/#organization\",\"name\":\"Burgenheimat\",\"url\":\"https:\\\/\\\/burgenheimat.de\\\/\",\"logo\":{\"@type\":\"ImageObject\",\"inLanguage\":\"en-GB\",\"@id\":\"https:\\\/\\\/burgenheimat.de\\\/#\\\/schema\\\/logo\\\/image\\\/\",\"url\":\"https:\\\/\\\/burgenheimat.de\\\/wp-content\\\/uploads\\\/2022\\\/07\\\/logo.png\",\"contentUrl\":\"https:\\\/\\\/burgenheimat.de\\\/wp-content\\\/uploads\\\/2022\\\/07\\\/logo.png\",\"width\":1220,\"height\":749,\"caption\":\"Burgenheimat\"},\"image\":{\"@id\":\"https:\\\/\\\/burgenheimat.de\\\/#\\\/schema\\\/logo\\\/image\\\/\"}}]}<\/script>\n<!-- \/ Yoast SEO plugin. -->","yoast_head_json":{"title":"Impressum Burgenheimat","description":"Impressum, Disclaimer, Haftungsausschluss, Urheberrechte der genutzten Bilder, Haftung f\u00fcr Links und Inhalte","robots":{"index":"index","follow":"follow","max-snippet":"max-snippet:-1","max-image-preview":"max-image-preview:large","max-video-preview":"max-video-preview:-1"},"canonical":"https:\/\/burgenheimat.de\/en\/impressum\/","og_locale":"en_GB","og_type":"article","og_title":"Impressum Burgenheimat","og_description":"Impressum, Disclaimer, Haftungsausschluss, Urheberrechte der genutzten Bilder, Haftung f\u00fcr Links und Inhalte","og_url":"https:\/\/burgenheimat.de\/en\/impressum\/","og_site_name":"Burgenheimat","article_modified_time":"2022-08-08T13:37:32+00:00","twitter_card":"summary_large_image","twitter_misc":{"Estimated reading time":"6 minutes"},"schema":{"@context":"https:\/\/schema.org","@graph":[{"@type":"WebPage","@id":"https:\/\/burgenheimat.de\/impressum\/","url":"https:\/\/burgenheimat.de\/impressum\/","name":"Impressum Burgenheimat","isPartOf":{"@id":"https:\/\/burgenheimat.de\/#website"},"datePublished":"2022-07-09T20:25:49+00:00","dateModified":"2022-08-08T13:37:32+00:00","description":"Impressum, Disclaimer, Haftungsausschluss, Urheberrechte der genutzten Bilder, Haftung f\u00fcr Links und Inhalte","breadcrumb":{"@id":"https:\/\/burgenheimat.de\/impressum\/#breadcrumb"},"inLanguage":"en-GB","potentialAction":[{"@type":"ReadAction","target":["https:\/\/burgenheimat.de\/impressum\/"]}]},{"@type":"BreadcrumbList","@id":"https:\/\/burgenheimat.de\/impressum\/#breadcrumb","itemListElement":[{"@type":"ListItem","position":1,"name":"Startseite","item":"https:\/\/burgenheimat.de\/"},{"@type":"ListItem","position":2,"name":"Impressum"}]},{"@type":"WebSite","@id":"https:\/\/burgenheimat.de\/#website","url":"https:\/\/burgenheimat.de\/","name":"Burgenheimat","description":"Apartments Burgenheimat in Rhens","publisher":{"@id":"https:\/\/burgenheimat.de\/#organization"},"potentialAction":[{"@type":"SearchAction","target":{"@type":"EntryPoint","urlTemplate":"https:\/\/burgenheimat.de\/?s={search_term_string}"},"query-input":{"@type":"PropertyValueSpecification","valueRequired":true,"valueName":"search_term_string"}}],"inLanguage":"en-GB"},{"@type":"Organization","@id":"https:\/\/burgenheimat.de\/#organization","name":"Burgenheimat","url":"https:\/\/burgenheimat.de\/","logo":{"@type":"ImageObject","inLanguage":"en-GB","@id":"https:\/\/burgenheimat.de\/#\/schema\/logo\/image\/","url":"https:\/\/burgenheimat.de\/wp-content\/uploads\/2022\/07\/logo.png","contentUrl":"https:\/\/burgenheimat.de\/wp-content\/uploads\/2022\/07\/logo.png","width":1220,"height":749,"caption":"Burgenheimat"},"image":{"@id":"https:\/\/burgenheimat.de\/#\/schema\/logo\/image\/"}}]}},"_links":{"self":[{"href":"https:\/\/burgenheimat.de\/en\/wp-json\/wp\/v2\/pages\/13","targetHints":{"allow":["GET"]}}],"collection":[{"href":"https:\/\/burgenheimat.de\/en\/wp-json\/wp\/v2\/pages"}],"about":[{"href":"https:\/\/burgenheimat.de\/en\/wp-json\/wp\/v2\/types\/page"}],"author":[{"embeddable":true,"href":"https:\/\/burgenheimat.de\/en\/wp-json\/wp\/v2\/users\/1"}],"replies":[{"embeddable":true,"href":"https:\/\/burgenheimat.de\/en\/wp-json\/wp\/v2\/comments?post=13"}],"version-history":[{"count":42,"href":"https:\/\/burgenheimat.de\/en\/wp-json\/wp\/v2\/pages\/13\/revisions"}],"predecessor-version":[{"id":2084,"href":"https:\/\/burgenheimat.de\/en\/wp-json\/wp\/v2\/pages\/13\/revisions\/2084"}],"wp:attachment":[{"href":"https:\/\/burgenheimat.de\/en\/wp-json\/wp\/v2\/media?parent=13"}],"curies":[{"name":"wp","href":"https:\/\/api.w.org\/{rel}","templated":true}]}}